{"id":263,"date":"2024-06-12T16:48:33","date_gmt":"2024-06-12T14:48:33","guid":{"rendered":"https:\/\/fmcreart.fr\/?page_id=263"},"modified":"2025-08-16T15:59:41","modified_gmt":"2025-08-16T13:59:41","slug":"fmcreart-oeuvre-titane-vibration","status":"publish","type":"page","link":"https:\/\/fmcreart.fr\/index.php\/fmcreart-oeuvre-titane-vibration\/","title":{"rendered":"Vibration"},"content":{"rendered":"\t\t<div data-elementor-type=\"wp-page\" data-elementor-id=\"263\" class=\"elementor elementor-263\">\n\t\t\t\t<div class=\"elementor-element elementor-element-192f7e5 e-con-full e-transform e-flex e-con e-parent\" data-id=\"192f7e5\" data-element_type=\"container\" data-e-type=\"container\" data-settings=\"{&quot;_transform_translateX_effect&quot;:{&quot;unit&quot;:&quot;px&quot;,&quot;size&quot;:-13,&quot;sizes&quot;:[]},&quot;_transform_translateX_effect_tablet&quot;:{&quot;unit&quot;:&quot;px&quot;,&quot;size&quot;:0,&quot;sizes&quot;:[]},&quot;_transform_translateX_effect_mobile&quot;:{&quot;unit&quot;:&quot;px&quot;,&quot;size&quot;:&quot;&quot;,&quot;sizes&quot;:[]},&quot;_transform_translateY_effect&quot;:{&quot;unit&quot;:&quot;px&quot;,&quot;size&quot;:&quot;&quot;,&quot;sizes&quot;:[]},&quot;_transform_translateY_effect_tablet&quot;:{&quot;unit&quot;:&quot;px&quot;,&quot;size&quot;:&quot;&quot;,&quot;sizes&quot;:[]},&quot;_transform_translateY_effect_mobile&quot;:{&quot;unit&quot;:&quot;px&quot;,&quot;size&quot;:&quot;&quot;,&quot;sizes&quot;:[]}}\">\n\t\t<div class=\"elementor-element elementor-element-36b858d e-con-full e-flex e-con e-child\" data-id=\"36b858d\" data-element_type=\"container\" data-e-type=\"container\">\n\t\t\t\t<div class=\"elementor-element elementor-element-fca6b97 elementor-widget__width-initial elementor-widget elementor-widget-heading\" data-id=\"fca6b97\" data-element_type=\"widget\" data-e-type=\"widget\" data-widget_type=\"heading.default\">\n\t\t\t\t<div class=\"elementor-widget-container\">\n\t\t\t\t\t<h1 class=\"elementor-heading-title elementor-size-default\">Vibration 2016<\/h1>\t\t\t\t<\/div>\n\t\t\t\t<\/div>\n\t\t\t\t<div class=\"elementor-element elementor-element-f9e9ffb elementor-widget__width-initial elementor-widget elementor-widget-image\" data-id=\"f9e9ffb\" data-element_type=\"widget\" data-e-type=\"widget\" data-widget_type=\"image.default\">\n\t\t\t\t<div class=\"elementor-widget-container\">\n\t\t\t\t\t\t\t\t\t\t\t\t\t\t\t<img fetchpriority=\"high\" decoding=\"async\" width=\"2048\" height=\"1978\" src=\"https:\/\/fmcreart.fr\/wp-content\/uploads\/2024\/09\/DSC_0021-2048x1978.jpg\" class=\"attachment-2048x2048 size-2048x2048 wp-image-535\" alt=\"Vibration FMCreart Cr\u00e9ations titane\" srcset=\"https:\/\/fmcreart.fr\/wp-content\/uploads\/2024\/09\/DSC_0021-2048x1978.jpg 2048w, https:\/\/fmcreart.fr\/wp-content\/uploads\/2024\/09\/DSC_0021-300x290.jpg 300w, https:\/\/fmcreart.fr\/wp-content\/uploads\/2024\/09\/DSC_0021-644x622.jpg 644w, https:\/\/fmcreart.fr\/wp-content\/uploads\/2024\/09\/DSC_0021-768x742.jpg 768w, https:\/\/fmcreart.fr\/wp-content\/uploads\/2024\/09\/DSC_0021-1536x1483.jpg 1536w, https:\/\/fmcreart.fr\/wp-content\/uploads\/2024\/09\/DSC_0021-1320x1275.jpg 1320w\" sizes=\"(max-width: 2048px) 100vw, 2048px\" \/>\t\t\t\t\t\t\t\t\t\t\t\t\t\t\t<\/div>\n\t\t\t\t<\/div>\n\t\t\t\t<div class=\"elementor-element elementor-element-3cef4be elementor-widget elementor-widget-image\" data-id=\"3cef4be\" data-element_type=\"widget\" data-e-type=\"widget\" data-widget_type=\"image.default\">\n\t\t\t\t<div class=\"elementor-widget-container\">\n\t\t\t\t\t\t\t\t\t\t\t\t\t\t\t<img decoding=\"async\" width=\"2524\" height=\"1943\" src=\"https:\/\/fmcreart.fr\/wp-content\/uploads\/2024\/09\/DSC_0025.jpg\" class=\"attachment-full size-full wp-image-537\" alt=\"\" srcset=\"https:\/\/fmcreart.fr\/wp-content\/uploads\/2024\/09\/DSC_0025.jpg 2524w, https:\/\/fmcreart.fr\/wp-content\/uploads\/2024\/09\/DSC_0025-300x231.jpg 300w, https:\/\/fmcreart.fr\/wp-content\/uploads\/2024\/09\/DSC_0025-644x496.jpg 644w, https:\/\/fmcreart.fr\/wp-content\/uploads\/2024\/09\/DSC_0025-768x591.jpg 768w, https:\/\/fmcreart.fr\/wp-content\/uploads\/2024\/09\/DSC_0025-1536x1182.jpg 1536w, https:\/\/fmcreart.fr\/wp-content\/uploads\/2024\/09\/DSC_0025-2048x1577.jpg 2048w, https:\/\/fmcreart.fr\/wp-content\/uploads\/2024\/09\/DSC_0025-1320x1016.jpg 1320w\" sizes=\"(max-width: 2524px) 100vw, 2524px\" \/>\t\t\t\t\t\t\t\t\t\t\t\t\t\t\t<\/div>\n\t\t\t\t<\/div>\n\t\t\t\t<\/div>\n\t\t<div class=\"elementor-element elementor-element-4926844 e-con-full e-flex e-con e-child\" data-id=\"4926844\" data-element_type=\"container\" data-e-type=\"container\">\n\t\t\t\t<div class=\"elementor-element elementor-element-9f36520 elementor-widget elementor-widget-heading\" data-id=\"9f36520\" data-element_type=\"widget\" data-e-type=\"widget\" data-widget_type=\"heading.default\">\n\t\t\t\t<div class=\"elementor-widget-container\">\n\t\t\t\t\t<h2 class=\"elementor-heading-title elementor-size-default\">Description :<\/h2>\t\t\t\t<\/div>\n\t\t\t\t<\/div>\n\t\t\t\t<div class=\"elementor-element elementor-element-4c4a9d2 elementor-widget elementor-widget-text-editor\" data-id=\"4c4a9d2\" data-element_type=\"widget\" data-e-type=\"widget\" data-widget_type=\"text-editor.default\">\n\t\t\t\t<div class=\"elementor-widget-container\">\n\t\t\t\t\t\t\t\t\t<p><i style=\"font-weight: inherit; letter-spacing: 0px;\">FMcr\u00e9art \u2013 \u0152uvre Titane <\/i><i style=\"font-weight: inherit; letter-spacing: 0px;\">Vibration<\/i><span style=\"font-style: inherit; font-weight: inherit; letter-spacing: 0px;\">\u00a0est une pi\u00e8ce de 100 cm de c\u00f4t\u00e9. Elle se compose d\u2019un carr\u00e9 en polycarbonate transparent, d\u00e9form\u00e9 en son centre par un cercle convexe, pos\u00e9 sur un carr\u00e9 en aluminium bross\u00e9.<\/span><\/p><div><div><div><div><div style=\"text-align: left;\"><div><div dir=\"auto\" data-message-author-role=\"assistant\" data-message-id=\"93ce7d76-6b43-4331-b32e-5c50e14799b6\" data-message-model-slug=\"gpt-4o\"><div><div><p data-start=\"356\" data-end=\"496\">Sur la surface, des fragments triangulaires incurv\u00e9s de titane anodis\u00e9 d\u00e9clinent des nuances vari\u00e9es de bleu, du bleu profond au bleu acier.<\/p><p data-start=\"498\" data-end=\"859\">L\u2019\u0153uvre se r\u00e9v\u00e8le progressivement au spectateur. En effet, c\u2019est en prenant du recul que le cercle central en volume devient visible. Cependant, en s\u2019approchant, ce volume s\u2019efface peu \u00e0 peu, jusqu\u2019\u00e0 dispara\u00eetre totalement \u00e0 un angle pr\u00e9cis. \u00c0 ce moment-l\u00e0, les deux couleurs \u2014 bleu profond et bleu acier \u2014 fusionnent pour ne former qu\u2019une seule et m\u00eame teinte.<\/p><p data-start=\"861\" data-end=\"968\">En observant attentivement l\u2019int\u00e9rieur de la forme en polycarbonate, on d\u00e9couvre un effet miroir fascinant.<\/p><p data-start=\"970\" data-end=\"1109\">En effet, les ombres port\u00e9es des fragments de titane se refl\u00e8tent sur l\u2019aluminium, g\u00e9n\u00e9rant ainsi un jeu de lumi\u00e8res et de formes mouvantes.<\/p><p data-start=\"1111\" data-end=\"1171\">De ce fait, le spectateur devient acteur de sa propre d\u00e9couverte.<\/p><p data-start=\"1173\" data-end=\"1347\">En se d\u00e9pla\u00e7ant autour de l\u2019\u0153uvre, il per\u00e7oit progressivement les subtilit\u00e9s des jeux de lumi\u00e8re et des reflets, aussi bien \u00e0 la surface qu\u2019\u00e0 l\u2019int\u00e9rieur de la forme convexe.<\/p><p data-start=\"1349\" data-end=\"1524\">Par ailleurs, les morceaux de titane sont reli\u00e9s par des fibres synth\u00e9tiques et des perles de cristal de roche, ce qui cr\u00e9e un dialogue d\u00e9licat entre la lumi\u00e8re, la couleur et la mati\u00e8re.<\/p><\/div><\/div><\/div><\/div><\/div><\/div><\/div><\/div><\/div>\t\t\t\t\t\t\t\t<\/div>\n\t\t\t\t<\/div>\n\t\t\t\t<\/div>\n\t\t\t\t<\/div>\n\t\t<div class=\"elementor-element elementor-element-3cfb192 e-con-full e-flex e-con e-parent\" data-id=\"3cfb192\" data-element_type=\"container\" data-e-type=\"container\">\n\t\t<div class=\"elementor-element elementor-element-09b11f2 e-con-full e-flex e-con e-child\" data-id=\"09b11f2\" data-element_type=\"container\" data-e-type=\"container\">\n\t\t\t\t<div class=\"elementor-element elementor-element-01dfc87 elementor-widget elementor-widget-heading\" data-id=\"01dfc87\" data-element_type=\"widget\" data-e-type=\"widget\" data-widget_type=\"heading.default\">\n\t\t\t\t<div class=\"elementor-widget-container\">\n\t\t\t\t\t<h2 class=\"elementor-heading-title elementor-size-default\">Interpr\u00e9tation : <\/h2>\t\t\t\t<\/div>\n\t\t\t\t<\/div>\n\t\t\t\t<div class=\"elementor-element elementor-element-e6e16d2 elementor-widget elementor-widget-text-editor\" data-id=\"e6e16d2\" data-element_type=\"widget\" data-e-type=\"widget\" data-widget_type=\"text-editor.default\">\n\t\t\t\t<div class=\"elementor-widget-container\">\n\t\t\t\t\t\t\t\t\t<p><i>\u00ab\u00a0Vibration\u00a0\u00bb<\/i>\u00a0invite \u00e0 une contemplation immersive, d\u00e9voilant les multiples facettes de l\u2019univers stellaire et explorant l\u2019\u00e9quilibre subtil entre l\u2019invisible et le visible, tout en jouant avec des effets optiques qui \u00e9voluent selon les d\u00e9placements du spectateur et les variations de lumi\u00e8re.<\/p>\t\t\t\t\t\t\t\t<\/div>\n\t\t\t\t<\/div>\n\t\t\t\t<\/div>\n\t\t<div class=\"elementor-element elementor-element-f62cadb e-con-full e-flex e-con e-child\" data-id=\"f62cadb\" data-element_type=\"container\" data-e-type=\"container\">\n\t\t\t\t<div class=\"elementor-element elementor-element-59493e9 elementor-widget elementor-widget-image\" data-id=\"59493e9\" data-element_type=\"widget\" data-e-type=\"widget\" data-widget_type=\"image.default\">\n\t\t\t\t<div class=\"elementor-widget-container\">\n\t\t\t\t\t\t\t\t\t\t\t\t\t\t\t<img decoding=\"async\" width=\"2048\" height=\"809\" src=\"https:\/\/fmcreart.fr\/wp-content\/uploads\/2024\/09\/DSC_0098-2048x809.jpg\" class=\"attachment-2048x2048 size-2048x2048 wp-image-606\" alt=\"\" srcset=\"https:\/\/fmcreart.fr\/wp-content\/uploads\/2024\/09\/DSC_0098-2048x809.jpg 2048w, https:\/\/fmcreart.fr\/wp-content\/uploads\/2024\/09\/DSC_0098-300x118.jpg 300w, https:\/\/fmcreart.fr\/wp-content\/uploads\/2024\/09\/DSC_0098-644x254.jpg 644w, https:\/\/fmcreart.fr\/wp-content\/uploads\/2024\/09\/DSC_0098-768x303.jpg 768w, https:\/\/fmcreart.fr\/wp-content\/uploads\/2024\/09\/DSC_0098-1536x606.jpg 1536w, https:\/\/fmcreart.fr\/wp-content\/uploads\/2024\/09\/DSC_0098-1320x521.jpg 1320w\" sizes=\"(max-width: 2048px) 100vw, 2048px\" \/>\t\t\t\t\t\t\t\t\t\t\t\t\t\t\t<\/div>\n\t\t\t\t<\/div>\n\t\t\t\t<\/div>\n\t\t\t\t<\/div>\n\t\t<div class=\"elementor-element elementor-element-72e91a7 e-con-full e-flex e-con e-parent\" data-id=\"72e91a7\" data-element_type=\"container\" data-e-type=\"container\">\n\t\t\t\t<div class=\"elementor-element elementor-element-62713ab elementor-widget elementor-widget-heading\" data-id=\"62713ab\" data-element_type=\"widget\" data-e-type=\"widget\" data-widget_type=\"heading.default\">\n\t\t\t\t<div class=\"elementor-widget-container\">\n\t\t\t\t\t<h2 class=\"elementor-heading-title elementor-size-default\">Vid\u00e9o : FMcr\u00e9art \u2013 \u0152uvre Titane Vibration<\/h2>\t\t\t\t<\/div>\n\t\t\t\t<\/div>\n\t\t\t\t<div class=\"elementor-element elementor-element-e7bc8c3 elementor-widget elementor-widget-heading\" data-id=\"e7bc8c3\" data-element_type=\"widget\" data-e-type=\"widget\" data-widget_type=\"heading.default\">\n\t\t\t\t<div class=\"elementor-widget-container\">\n\t\t\t\t\t<h2 class=\"elementor-heading-title elementor-size-default\"><a href=\"https:\/\/www.youtube.com\/@fabiennematur9368\">@fabiennematur9368<\/a><\/h2>\t\t\t\t<\/div>\n\t\t\t\t<\/div>\n\t\t\t\t<\/div>\n\t\t<div class=\"elementor-element elementor-element-3e8a5c5 e-con-full e-flex e-con e-parent\" data-id=\"3e8a5c5\" data-element_type=\"container\" data-e-type=\"container\">\n\t\t<div class=\"elementor-element elementor-element-1145009 e-con-full e-flex e-con e-child\" data-id=\"1145009\" data-element_type=\"container\" data-e-type=\"container\">\n\t\t\t\t<div class=\"elementor-element elementor-element-7b3ee85 elementor-widget elementor-widget-video\" data-id=\"7b3ee85\" data-element_type=\"widget\" data-e-type=\"widget\" data-settings=\"{&quot;youtube_url&quot;:&quot;https:\\\/\\\/youtu.be\\\/dgBgIiiSIE4&quot;,&quot;video_type&quot;:&quot;youtube&quot;,&quot;controls&quot;:&quot;yes&quot;}\" data-widget_type=\"video.default\">\n\t\t\t\t<div class=\"elementor-widget-container\">\n\t\t\t\t\t\t\t<div class=\"elementor-wrapper elementor-open-inline\">\n\t\t\t<div class=\"elementor-video\"><\/div>\t\t<\/div>\n\t\t\t\t\t\t<\/div>\n\t\t\t\t<\/div>\n\t\t\t\t<\/div>\n\t\t<div class=\"elementor-element elementor-element-40431ed e-con-full e-flex e-con e-child\" data-id=\"40431ed\" data-element_type=\"container\" data-e-type=\"container\">\n\t\t\t\t<\/div>\n\t\t\t\t<\/div>\n\t\t<div class=\"elementor-element elementor-element-c911196 e-con-full e-flex e-con e-parent\" data-id=\"c911196\" data-element_type=\"container\" data-e-type=\"container\">\n\t\t\t\t<div class=\"elementor-element elementor-element-0888de0 elementor-widget elementor-widget-text-editor\" data-id=\"0888de0\" data-element_type=\"widget\" data-e-type=\"widget\" data-widget_type=\"text-editor.default\">\n\t\t\t\t<div class=\"elementor-widget-container\">\n\t\t\t\t\t\t\t\t\t<p><a style=\"background-color: #081a69; transition-property: all;\" href=\"https:\/\/fmcreart.fr\/index.php\/fmcreart-oeuvres-titane-anodise-galerie\/\">Retour \u00e0 la Galerie FMcr\u00e9art pour explorer d\u2019autres cr\u00e9ations en titane.<\/a><\/p>\t\t\t\t\t\t\t\t<\/div>\n\t\t\t\t<\/div>\n\t\t\t\t<\/div>\n\t\t\t\t<\/div>\n\t\t","protected":false},"excerpt":{"rendered":"<p>Vibration 2016 Description : FMcr\u00e9art \u2013 \u0152uvre Titane Vibration\u00a0est une pi\u00e8ce de 100 cm de c\u00f4t\u00e9. Elle se compose d\u2019un [&hellip;]<\/p>\n","protected":false},"author":3,"featured_media":0,"parent":0,"menu_order":0,"comment_status":"closed","ping_status":"closed","template":"","meta":{"site-sidebar-layout":"default","site-content-layout":"","ast-site-content-layout":"default","site-content-style":"default","site-sidebar-style":"default","ast-global-header-display":"","ast-banner-title-visibility":"","ast-main-header-display":"","ast-hfb-above-header-display":"","ast-hfb-below-header-display":"","ast-hfb-mobile-header-display":"","site-post-title":"","ast-breadcrumbs-content":"","ast-featured-img":"","footer-sml-layout":"","theme-transparent-header-meta":"","adv-header-id-meta":"","stick-header-meta":"","header-above-stick-meta":"","header-main-stick-meta":"","header-below-stick-meta":"","astra-migrate-meta-layouts":"default","ast-page-background-enabled":"default","ast-page-background-meta":{"desktop":{"background-color":"var(--ast-global-color-4)","background-image":"","background-repeat":"repeat","background-position":"center center","background-size":"auto","background-attachment":"scroll","background-type":"","background-media":"","overlay-type":"","overlay-color":"","overlay-opacity":"","overlay-gradient":""},"tablet":{"background-color":"","background-image":"","background-repeat":"repeat","background-position":"center center","background-size":"auto","background-attachment":"scroll","background-type":"","background-media":"","overlay-type":"","overlay-color":"","overlay-opacity":"","overlay-gradient":""},"mobile":{"background-color":"","background-image":"","background-repeat":"repeat","background-position":"center center","background-size":"auto","background-attachment":"scroll","background-type":"","background-media":"","overlay-type":"","overlay-color":"","overlay-opacity":"","overlay-gradient":""}},"ast-content-background-meta":{"desktop":{"background-color":"var(--ast-global-color-5)","background-image":"","background-repeat":"repeat","background-position":"center center","background-size":"auto","background-attachment":"scroll","background-type":"","background-media":"","overlay-type":"","overlay-color":"","overlay-opacity":"","overlay-gradient":""},"tablet":{"background-color":"var(--ast-global-color-5)","background-image":"","background-repeat":"repeat","background-position":"center center","background-size":"auto","background-attachment":"scroll","background-type":"","background-media":"","overlay-type":"","overlay-color":"","overlay-opacity":"","overlay-gradient":""},"mobile":{"background-color":"var(--ast-global-color-5)","background-image":"","background-repeat":"repeat","background-position":"center center","background-size":"auto","background-attachment":"scroll","background-type":"","background-media":"","overlay-type":"","overlay-color":"","overlay-opacity":"","overlay-gradient":""}},"footnotes":""},"class_list":["post-263","page","type-page","status-publish","hentry"],"yoast_head":"<!-- This site is optimized with the Yoast SEO plugin v27.5 - https:\/\/yoast.com\/product\/yoast-seo-wordpress\/ -->\n<title>FMcr\u00e9art \u2013 \u0152uvre Titane Vibration<\/title>\n<meta name=\"description\" content=\"FMcr\u00e9art \u2013 \u0152uvre Titane Vibration : \u0153uvre compos\u00e9e d\u2019un carr\u00e9, avec des fragments de titane anodis\u00e9 de couleur bleu nuanc\u00e9 de turquoise.\" \/>\n<meta name=\"robots\" content=\"index, follow, max-snippet:-1, max-image-preview:large, max-video-preview:-1\" \/>\n<link rel=\"canonical\" href=\"https:\/\/fmcreart.fr\/index.php\/fmcreart-oeuvre-titane-vibration\/\" \/>\n<meta property=\"og:locale\" content=\"fr_FR\" \/>\n<meta property=\"og:type\" content=\"article\" \/>\n<meta property=\"og:title\" content=\"FMcr\u00e9art \u2013 \u0152uvre Titane Vibration\" \/>\n<meta property=\"og:description\" content=\"FMcr\u00e9art \u2013 \u0152uvre Titane Vibration : \u0153uvre compos\u00e9e d\u2019un carr\u00e9, avec des fragments de titane anodis\u00e9 de couleur bleu nuanc\u00e9 de turquoise.\" \/>\n<meta property=\"og:url\" content=\"https:\/\/fmcreart.fr\/index.php\/fmcreart-oeuvre-titane-vibration\/\" \/>\n<meta property=\"og:site_name\" content=\"FMcr\u00e9art\" \/>\n<meta property=\"article:modified_time\" content=\"2025-08-16T13:59:41+00:00\" \/>\n<meta property=\"og:image\" content=\"https:\/\/fmcreart.fr\/wp-content\/uploads\/2024\/09\/DSC_0021-644x622.jpg\" \/>\n\t<meta property=\"og:image:width\" content=\"644\" \/>\n\t<meta property=\"og:image:height\" content=\"622\" \/>\n\t<meta property=\"og:image:type\" content=\"image\/jpeg\" \/>\n<meta name=\"twitter:card\" content=\"summary_large_image\" \/>\n<meta name=\"twitter:label1\" content=\"Dur\u00e9e de lecture estim\u00e9e\" \/>\n\t<meta name=\"twitter:data1\" content=\"3 minutes\" \/>\n<script type=\"application\/ld+json\" class=\"yoast-schema-graph\">{\"@context\":\"https:\\\/\\\/schema.org\",\"@graph\":[{\"@type\":\"WebPage\",\"@id\":\"https:\\\/\\\/fmcreart.fr\\\/index.php\\\/fmcreart-oeuvre-titane-vibration\\\/\",\"url\":\"https:\\\/\\\/fmcreart.fr\\\/index.php\\\/fmcreart-oeuvre-titane-vibration\\\/\",\"name\":\"FMcr\u00e9art \u2013 \u0152uvre Titane Vibration\",\"isPartOf\":{\"@id\":\"https:\\\/\\\/fmcreart.fr\\\/#website\"},\"primaryImageOfPage\":{\"@id\":\"https:\\\/\\\/fmcreart.fr\\\/index.php\\\/fmcreart-oeuvre-titane-vibration\\\/#primaryimage\"},\"image\":{\"@id\":\"https:\\\/\\\/fmcreart.fr\\\/index.php\\\/fmcreart-oeuvre-titane-vibration\\\/#primaryimage\"},\"thumbnailUrl\":\"https:\\\/\\\/fmcreart.fr\\\/wp-content\\\/uploads\\\/2024\\\/09\\\/DSC_0021-2048x1978.jpg\",\"datePublished\":\"2024-06-12T14:48:33+00:00\",\"dateModified\":\"2025-08-16T13:59:41+00:00\",\"description\":\"FMcr\u00e9art \u2013 \u0152uvre Titane Vibration : \u0153uvre compos\u00e9e d\u2019un carr\u00e9, avec des fragments de titane anodis\u00e9 de couleur bleu nuanc\u00e9 de turquoise.\",\"breadcrumb\":{\"@id\":\"https:\\\/\\\/fmcreart.fr\\\/index.php\\\/fmcreart-oeuvre-titane-vibration\\\/#breadcrumb\"},\"inLanguage\":\"fr-FR\",\"potentialAction\":[{\"@type\":\"ReadAction\",\"target\":[\"https:\\\/\\\/fmcreart.fr\\\/index.php\\\/fmcreart-oeuvre-titane-vibration\\\/\"]}]},{\"@type\":\"ImageObject\",\"inLanguage\":\"fr-FR\",\"@id\":\"https:\\\/\\\/fmcreart.fr\\\/index.php\\\/fmcreart-oeuvre-titane-vibration\\\/#primaryimage\",\"url\":\"https:\\\/\\\/fmcreart.fr\\\/wp-content\\\/uploads\\\/2024\\\/09\\\/DSC_0021.jpg\",\"contentUrl\":\"https:\\\/\\\/fmcreart.fr\\\/wp-content\\\/uploads\\\/2024\\\/09\\\/DSC_0021.jpg\",\"width\":2160,\"height\":2086,\"caption\":\"Vibration FMCreart Cr\u00e9ations titane\"},{\"@type\":\"BreadcrumbList\",\"@id\":\"https:\\\/\\\/fmcreart.fr\\\/index.php\\\/fmcreart-oeuvre-titane-vibration\\\/#breadcrumb\",\"itemListElement\":[{\"@type\":\"ListItem\",\"position\":1,\"name\":\"Accueil\",\"item\":\"https:\\\/\\\/fmcreart.fr\\\/\"},{\"@type\":\"ListItem\",\"position\":2,\"name\":\"Vibration\"}]},{\"@type\":\"WebSite\",\"@id\":\"https:\\\/\\\/fmcreart.fr\\\/#website\",\"url\":\"https:\\\/\\\/fmcreart.fr\\\/\",\"name\":\"FMcr\u00e9art\",\"description\":\"Bienvenu dans mon univers\",\"publisher\":{\"@id\":\"https:\\\/\\\/fmcreart.fr\\\/#\\\/schema\\\/person\\\/fc3b8fadff9336a2e80bee0fb8275e60\"},\"alternateName\":\"FMcr\u00e9art\",\"potentialAction\":[{\"@type\":\"SearchAction\",\"target\":{\"@type\":\"EntryPoint\",\"urlTemplate\":\"https:\\\/\\\/fmcreart.fr\\\/?s={search_term_string}\"},\"query-input\":{\"@type\":\"PropertyValueSpecification\",\"valueRequired\":true,\"valueName\":\"search_term_string\"}}],\"inLanguage\":\"fr-FR\"},{\"@type\":[\"Person\",\"Organization\"],\"@id\":\"https:\\\/\\\/fmcreart.fr\\\/#\\\/schema\\\/person\\\/fc3b8fadff9336a2e80bee0fb8275e60\",\"name\":\"Fabienne Matur\",\"image\":{\"@type\":\"ImageObject\",\"inLanguage\":\"fr-FR\",\"@id\":\"https:\\\/\\\/fmcreart.fr\\\/wp-content\\\/uploads\\\/2024\\\/06\\\/cropped-Logo_Silver_Textured-120-2.png\",\"url\":\"https:\\\/\\\/fmcreart.fr\\\/wp-content\\\/uploads\\\/2024\\\/06\\\/cropped-Logo_Silver_Textured-120-2.png\",\"contentUrl\":\"https:\\\/\\\/fmcreart.fr\\\/wp-content\\\/uploads\\\/2024\\\/06\\\/cropped-Logo_Silver_Textured-120-2.png\",\"width\":120,\"height\":120,\"caption\":\"Fabienne Matur\"},\"logo\":{\"@id\":\"https:\\\/\\\/fmcreart.fr\\\/wp-content\\\/uploads\\\/2024\\\/06\\\/cropped-Logo_Silver_Textured-120-2.png\"},\"sameAs\":[\"https:\\\/\\\/www.fmcreart.fr\"]}]}<\/script>\n<!-- \/ Yoast SEO plugin. -->","yoast_head_json":{"title":"FMcr\u00e9art \u2013 \u0152uvre Titane Vibration","description":"FMcr\u00e9art \u2013 \u0152uvre Titane Vibration : \u0153uvre compos\u00e9e d\u2019un carr\u00e9, avec des fragments de titane anodis\u00e9 de couleur bleu nuanc\u00e9 de turquoise.","robots":{"index":"index","follow":"follow","max-snippet":"max-snippet:-1","max-image-preview":"max-image-preview:large","max-video-preview":"max-video-preview:-1"},"canonical":"https:\/\/fmcreart.fr\/index.php\/fmcreart-oeuvre-titane-vibration\/","og_locale":"fr_FR","og_type":"article","og_title":"FMcr\u00e9art \u2013 \u0152uvre Titane Vibration","og_description":"FMcr\u00e9art \u2013 \u0152uvre Titane Vibration : \u0153uvre compos\u00e9e d\u2019un carr\u00e9, avec des fragments de titane anodis\u00e9 de couleur bleu nuanc\u00e9 de turquoise.","og_url":"https:\/\/fmcreart.fr\/index.php\/fmcreart-oeuvre-titane-vibration\/","og_site_name":"FMcr\u00e9art","article_modified_time":"2025-08-16T13:59:41+00:00","og_image":[{"width":644,"height":622,"url":"https:\/\/fmcreart.fr\/wp-content\/uploads\/2024\/09\/DSC_0021-644x622.jpg","type":"image\/jpeg"}],"twitter_card":"summary_large_image","twitter_misc":{"Dur\u00e9e de lecture estim\u00e9e":"3 minutes"},"schema":{"@context":"https:\/\/schema.org","@graph":[{"@type":"WebPage","@id":"https:\/\/fmcreart.fr\/index.php\/fmcreart-oeuvre-titane-vibration\/","url":"https:\/\/fmcreart.fr\/index.php\/fmcreart-oeuvre-titane-vibration\/","name":"FMcr\u00e9art \u2013 \u0152uvre Titane Vibration","isPartOf":{"@id":"https:\/\/fmcreart.fr\/#website"},"primaryImageOfPage":{"@id":"https:\/\/fmcreart.fr\/index.php\/fmcreart-oeuvre-titane-vibration\/#primaryimage"},"image":{"@id":"https:\/\/fmcreart.fr\/index.php\/fmcreart-oeuvre-titane-vibration\/#primaryimage"},"thumbnailUrl":"https:\/\/fmcreart.fr\/wp-content\/uploads\/2024\/09\/DSC_0021-2048x1978.jpg","datePublished":"2024-06-12T14:48:33+00:00","dateModified":"2025-08-16T13:59:41+00:00","description":"FMcr\u00e9art \u2013 \u0152uvre Titane Vibration : \u0153uvre compos\u00e9e d\u2019un carr\u00e9, avec des fragments de titane anodis\u00e9 de couleur bleu nuanc\u00e9 de turquoise.","breadcrumb":{"@id":"https:\/\/fmcreart.fr\/index.php\/fmcreart-oeuvre-titane-vibration\/#breadcrumb"},"inLanguage":"fr-FR","potentialAction":[{"@type":"ReadAction","target":["https:\/\/fmcreart.fr\/index.php\/fmcreart-oeuvre-titane-vibration\/"]}]},{"@type":"ImageObject","inLanguage":"fr-FR","@id":"https:\/\/fmcreart.fr\/index.php\/fmcreart-oeuvre-titane-vibration\/#primaryimage","url":"https:\/\/fmcreart.fr\/wp-content\/uploads\/2024\/09\/DSC_0021.jpg","contentUrl":"https:\/\/fmcreart.fr\/wp-content\/uploads\/2024\/09\/DSC_0021.jpg","width":2160,"height":2086,"caption":"Vibration FMCreart Cr\u00e9ations titane"},{"@type":"BreadcrumbList","@id":"https:\/\/fmcreart.fr\/index.php\/fmcreart-oeuvre-titane-vibration\/#breadcrumb","itemListElement":[{"@type":"ListItem","position":1,"name":"Accueil","item":"https:\/\/fmcreart.fr\/"},{"@type":"ListItem","position":2,"name":"Vibration"}]},{"@type":"WebSite","@id":"https:\/\/fmcreart.fr\/#website","url":"https:\/\/fmcreart.fr\/","name":"FMcr\u00e9art","description":"Bienvenu dans mon univers","publisher":{"@id":"https:\/\/fmcreart.fr\/#\/schema\/person\/fc3b8fadff9336a2e80bee0fb8275e60"},"alternateName":"FMcr\u00e9art","potentialAction":[{"@type":"SearchAction","target":{"@type":"EntryPoint","urlTemplate":"https:\/\/fmcreart.fr\/?s={search_term_string}"},"query-input":{"@type":"PropertyValueSpecification","valueRequired":true,"valueName":"search_term_string"}}],"inLanguage":"fr-FR"},{"@type":["Person","Organization"],"@id":"https:\/\/fmcreart.fr\/#\/schema\/person\/fc3b8fadff9336a2e80bee0fb8275e60","name":"Fabienne Matur","image":{"@type":"ImageObject","inLanguage":"fr-FR","@id":"https:\/\/fmcreart.fr\/wp-content\/uploads\/2024\/06\/cropped-Logo_Silver_Textured-120-2.png","url":"https:\/\/fmcreart.fr\/wp-content\/uploads\/2024\/06\/cropped-Logo_Silver_Textured-120-2.png","contentUrl":"https:\/\/fmcreart.fr\/wp-content\/uploads\/2024\/06\/cropped-Logo_Silver_Textured-120-2.png","width":120,"height":120,"caption":"Fabienne Matur"},"logo":{"@id":"https:\/\/fmcreart.fr\/wp-content\/uploads\/2024\/06\/cropped-Logo_Silver_Textured-120-2.png"},"sameAs":["https:\/\/www.fmcreart.fr"]}]}},"_links":{"self":[{"href":"https:\/\/fmcreart.fr\/index.php\/wp-json\/wp\/v2\/pages\/263","targetHints":{"allow":["GET"]}}],"collection":[{"href":"https:\/\/fmcreart.fr\/index.php\/wp-json\/wp\/v2\/pages"}],"about":[{"href":"https:\/\/fmcreart.fr\/index.php\/wp-json\/wp\/v2\/types\/page"}],"author":[{"embeddable":true,"href":"https:\/\/fmcreart.fr\/index.php\/wp-json\/wp\/v2\/users\/3"}],"replies":[{"embeddable":true,"href":"https:\/\/fmcreart.fr\/index.php\/wp-json\/wp\/v2\/comments?post=263"}],"version-history":[{"count":262,"href":"https:\/\/fmcreart.fr\/index.php\/wp-json\/wp\/v2\/pages\/263\/revisions"}],"predecessor-version":[{"id":5825,"href":"https:\/\/fmcreart.fr\/index.php\/wp-json\/wp\/v2\/pages\/263\/revisions\/5825"}],"wp:attachment":[{"href":"https:\/\/fmcreart.fr\/index.php\/wp-json\/wp\/v2\/media?parent=263"}],"curies":[{"name":"wp","href":"https:\/\/api.w.org\/{rel}","templated":true}]}}