{"id":886,"date":"2024-09-17T11:24:19","date_gmt":"2024-09-17T09:24:19","guid":{"rendered":"https:\/\/fmcreart.fr\/?page_id=886"},"modified":"2026-03-13T14:28:38","modified_gmt":"2026-03-13T13:28:38","slug":"fmcreart-creations-titane-actualite","status":"publish","type":"page","link":"https:\/\/fmcreart.fr\/index.php\/fmcreart-creations-titane-actualite\/","title":{"rendered":"Actualit\u00e9"},"content":{"rendered":"\t\t<div data-elementor-type=\"wp-page\" data-elementor-id=\"886\" class=\"elementor elementor-886\">\n\t\t\t\t<div class=\"elementor-element elementor-element-1de6e32 e-con-full e-transform e-flex e-con e-parent\" data-id=\"1de6e32\" data-element_type=\"container\" data-e-type=\"container\" data-settings=\"{&quot;_transform_translateX_effect&quot;:{&quot;unit&quot;:&quot;px&quot;,&quot;size&quot;:-87,&quot;sizes&quot;:[]},&quot;_transform_translateX_effect_tablet&quot;:{&quot;unit&quot;:&quot;px&quot;,&quot;size&quot;:1,&quot;sizes&quot;:[]},&quot;_transform_translateX_effect_mobile&quot;:{&quot;unit&quot;:&quot;px&quot;,&quot;size&quot;:&quot;&quot;,&quot;sizes&quot;:[]},&quot;_transform_translateY_effect&quot;:{&quot;unit&quot;:&quot;px&quot;,&quot;size&quot;:&quot;&quot;,&quot;sizes&quot;:[]},&quot;_transform_translateY_effect_tablet&quot;:{&quot;unit&quot;:&quot;px&quot;,&quot;size&quot;:&quot;&quot;,&quot;sizes&quot;:[]},&quot;_transform_translateY_effect_mobile&quot;:{&quot;unit&quot;:&quot;px&quot;,&quot;size&quot;:&quot;&quot;,&quot;sizes&quot;:[]}}\">\n\t\t\t\t<div class=\"elementor-element elementor-element-248f594 elementor-widget elementor-widget-heading\" data-id=\"248f594\" data-element_type=\"widget\" data-e-type=\"widget\" data-widget_type=\"heading.default\">\n\t\t\t\t<div class=\"elementor-widget-container\">\n\t\t\t\t\t<p class=\"elementor-heading-title elementor-size-default\">FMcr\u00e9art - cr\u00e9ations titane Actualit\u00e9 <\/p>\t\t\t\t<\/div>\n\t\t\t\t<\/div>\n\t\t\t\t<div class=\"elementor-element elementor-element-93b333b elementor-widget elementor-widget-heading\" data-id=\"93b333b\" data-element_type=\"widget\" data-e-type=\"widget\" data-widget_type=\"heading.default\">\n\t\t\t\t<div class=\"elementor-widget-container\">\n\t\t\t\t\t<h2 class=\"elementor-heading-title elementor-size-default\">Parcours artistique et Luxembourg Art Prize.<\/h2>\t\t\t\t<\/div>\n\t\t\t\t<\/div>\n\t\t\t\t<div class=\"elementor-element elementor-element-f41fe4b elementor-widget elementor-widget-text-editor\" data-id=\"f41fe4b\" data-element_type=\"widget\" data-e-type=\"widget\" data-widget_type=\"text-editor.default\">\n\t\t\t\t<div class=\"elementor-widget-container\">\n\t\t\t\t\t\t\t\t\t<p>Bienvenue sur la page <em>FMcr\u00e9art &#8211; cr\u00e9ations titane Actualit\u00e9<\/em>, o\u00f9 je partage les \u00e9tapes importantes de mon parcours artistique ainsi que mes CV et mes actualit\u00e9s r\u00e9centes, notamment ma participation au prestigieux concours du Luxembourg Art Prize.<\/p>\t\t\t\t\t\t\t\t<\/div>\n\t\t\t\t<\/div>\n\t\t\t\t<div class=\"elementor-element elementor-element-6e504e6 elementor-widget elementor-widget-heading\" data-id=\"6e504e6\" data-element_type=\"widget\" data-e-type=\"widget\" data-widget_type=\"heading.default\">\n\t\t\t\t<div class=\"elementor-widget-container\">\n\t\t\t\t\t<h2 class=\"elementor-heading-title elementor-size-default\">D\u00e9marche artistique :<\/h2>\t\t\t\t<\/div>\n\t\t\t\t<\/div>\n\t\t\t\t<div class=\"elementor-element elementor-element-e275f08 elementor-widget elementor-widget-text-editor\" data-id=\"e275f08\" data-element_type=\"widget\" data-e-type=\"widget\" data-widget_type=\"text-editor.default\">\n\t\t\t\t<div class=\"elementor-widget-container\">\n\t\t\t\t\t\t\t\t\t<p data-start=\"488\" data-end=\"730\">Ma fascination pour la lumi\u00e8re a commenc\u00e9 en 1985 \u00e0 Paris, en d\u00e9couvrant une \u0153uvre de <em>Paul Jenkins<\/em> inspir\u00e9e des exp\u00e9riences de Newton. Cette rencontre a \u00e9veill\u00e9 en moi une curiosit\u00e9 pour ce qui est invisible, ce que la lumi\u00e8re peut r\u00e9v\u00e9ler.<\/p><p data-start=\"732\" data-end=\"1002\">En 1991, je me suis form\u00e9e en bijouterie \u00e0 N\u00eemes, et en 1994 j\u2019y ai d\u00e9couvert le titane. Ce m\u00e9tal, \u00e0 la fois l\u00e9ger et puissant, se transforme sous la flamme en r\u00e9v\u00e9lant cinq couleurs \u00e9clatantes. Avec lui, j\u2019ai trouv\u00e9 un m\u00e9dium unique, porteur d\u2019une \u00e9nergie \u00e0 explorer.<\/p><p data-start=\"1004\" data-end=\"1461\">Ma premi\u00e8re collection de bijoux en titane a \u00e9t\u00e9 expos\u00e9e en 1999 au salon Maison et Objet \u00e0 Paris. C\u2019est l\u00e0 que j\u2019ai rencontr\u00e9 un ing\u00e9nieur sp\u00e9cialiste de l\u2019anodisation, devenu mon mentor. Gr\u00e2ce \u00e0 lui, j\u2019ai pu d\u00e9passer les limites du feu et d\u00e9velopper une palette chromatique infinie. En d\u00e9formant le titane dans des moules en acier, j\u2019ai d\u00e9couvert comment la lumi\u00e8re pouvait s\u2019accrocher aux reliefs, se r\u00e9fl\u00e9chir, se r\u00e9fracter, jusqu\u2019\u00e0 devenir vibration.<\/p><p data-start=\"1463\" data-end=\"1716\">J\u2019ai alors r\u00e9alis\u00e9 que ce m\u00e9tal, n\u00e9 au c\u0153ur des \u00e9toiles lors d\u2019explosions de supernovas, me reliait directement \u00e0 l\u2019univers. En le travaillant, je tisse un lien tangible entre le c\u00e9leste et le terrestre, donnant \u00e0 mes cr\u00e9ations une dimension cosmique.<\/p><p data-start=\"1718\" data-end=\"2128\">Mon travail explore la rencontre entre mati\u00e8re et \u00e9nergie, entre densit\u00e9 et immat\u00e9riel. Les quatre \u00e9l\u00e9ments \u2013 Terre, Air, Eau, Feu \u2013 deviennent des grilles d\u2019exploration traduites en vibrations uniques dans chaque pi\u00e8ce. L\u2019anodisation, technique industrielle d\u00e9tourn\u00e9e en langage artistique, me permet de jouer sur les superpositions et les interf\u00e9rences lumineuses pour cr\u00e9er des effets mouvants et vivants.<\/p><p data-start=\"2130\" data-end=\"2444\">Mon objectif est que mes \u0153uvres transmettent une exp\u00e9rience int\u00e9rieure, un moment suspendu o\u00f9 art et \u00e9nergie se rencontrent. Elles deviennent des ponts entre science et po\u00e9sie, visible et invisible, homme et cosmos, r\u00e9v\u00e9lant \u00e0 travers le titane et la lumi\u00e8re la dimension universelle et vibratoire de la mati\u00e8re.<\/p>\t\t\t\t\t\t\t\t<\/div>\n\t\t\t\t<\/div>\n\t\t\t\t<div class=\"elementor-element elementor-element-347cabf elementor-widget elementor-widget-heading\" data-id=\"347cabf\" data-element_type=\"widget\" data-e-type=\"widget\" data-widget_type=\"heading.default\">\n\t\t\t\t<div class=\"elementor-widget-container\">\n\t\t\t\t\t<h2 class=\"elementor-heading-title elementor-size-default\">Reconnaissance  artistique :<\/h2>\t\t\t\t<\/div>\n\t\t\t\t<\/div>\n\t\t\t\t<div class=\"elementor-element elementor-element-e851058 elementor-widget elementor-widget-text-editor\" data-id=\"e851058\" data-element_type=\"widget\" data-e-type=\"widget\" data-widget_type=\"text-editor.default\">\n\t\t\t\t<div class=\"elementor-widget-container\">\n\t\t\t\t\t\t\t\t\t<p>Dans cette section, je partage \u00e9galement mon\u00a0<a href=\"https:\/\/fmcreart.fr\/wp-content\/uploads\/2025\/08\/Luxembourg-Art-Prize-2024.pdf\">attestation de m\u00e9rite<\/a> d\u00e9livr\u00e9e par le mus\u00e9e du Luxembourg. Cette distinction t\u00e9moigne de la reconnaissance de mon travail et renforcent ma motivation \u00e0 poursuivre mes recherches autour du titane et de la lumi\u00e8re.<\/p>\t\t\t\t\t\t\t\t<\/div>\n\t\t\t\t<\/div>\n\t\t\t\t<div class=\"elementor-element elementor-element-62c0ad3 elementor-widget elementor-widget-heading\" data-id=\"62c0ad3\" data-element_type=\"widget\" data-e-type=\"widget\" data-widget_type=\"heading.default\">\n\t\t\t\t<div class=\"elementor-widget-container\">\n\t\t\t\t\t<h2 class=\"elementor-heading-title elementor-size-default\">Conclusion :<\/h2>\t\t\t\t<\/div>\n\t\t\t\t<\/div>\n\t\t\t\t<div class=\"elementor-element elementor-element-e2e3d05 elementor-widget elementor-widget-text-editor\" data-id=\"e2e3d05\" data-element_type=\"widget\" data-e-type=\"widget\" data-widget_type=\"text-editor.default\">\n\t\t\t\t<div class=\"elementor-widget-container\">\n\t\t\t\t\t\t\t\t\t<p data-start=\"2836\" data-end=\"3091\">Cette page <em>FMcr\u00e9art &#8211; cr\u00e9ations titane Actualit\u00e9<\/em> est pens\u00e9e comme un espace vivant pour suivre mes recherches, d\u00e9couvrir mes \u0153uvres et explorer mes participations \u00e0 des \u00e9v\u00e9nements artistiques d\u2019envergure internationale comme le Luxembourg Art Prize.<\/p>\t\t\t\t\t\t\t\t<\/div>\n\t\t\t\t<\/div>\n\t\t\t\t<div class=\"elementor-element elementor-element-99a3acc elementor-widget elementor-widget-heading\" data-id=\"99a3acc\" data-element_type=\"widget\" data-e-type=\"widget\" data-widget_type=\"heading.default\">\n\t\t\t\t<div class=\"elementor-widget-container\">\n\t\t\t\t\t<p class=\"elementor-heading-title elementor-size-default\"><a href=\"https:\/\/fmcreart.fr\/wp-content\/uploads\/2025\/09\/CV-Artistique.pdf\" target=\"_blank\" rel=\"nofollow\">CV : Artistique<\/a><\/p>\t\t\t\t<\/div>\n\t\t\t\t<\/div>\n\t\t\t\t<div class=\"elementor-element elementor-element-090e022 elementor-widget elementor-widget-heading\" data-id=\"090e022\" data-element_type=\"widget\" data-e-type=\"widget\" data-widget_type=\"heading.default\">\n\t\t\t\t<div class=\"elementor-widget-container\">\n\t\t\t\t\t<p class=\"elementor-heading-title elementor-size-default\"><a href=\"https:\/\/fmcreart.fr\/index.php\/fmcreart-oeuvres-titane-anodise-galerie\/\">Retour \u00e0 la Galerie FMcr\u00e9art pour explorer d\u2019autres cr\u00e9ations en titane.<\/a><\/p>\t\t\t\t<\/div>\n\t\t\t\t<\/div>\n\t\t\t\t<div class=\"elementor-element elementor-element-da6ed96 elementor-widget elementor-widget-heading\" data-id=\"da6ed96\" data-element_type=\"widget\" data-e-type=\"widget\" data-widget_type=\"heading.default\">\n\t\t\t\t<div class=\"elementor-widget-container\">\n\t\t\t\t\t<p class=\"elementor-heading-title elementor-size-default\"><a href=\"https:\/\/www.youtube.com\/@fabiennematur9368\">@fabiennematur9368<\/a><\/p>\t\t\t\t<\/div>\n\t\t\t\t<\/div>\n\t\t\t\t<\/div>\n\t\t\t\t<\/div>\n\t\t","protected":false},"excerpt":{"rendered":"<p>FMcr\u00e9art &#8211; cr\u00e9ations titane Actualit\u00e9 Parcours artistique et Luxembourg Art Prize. Bienvenue sur la page FMcr\u00e9art &#8211; cr\u00e9ations titane Actualit\u00e9, [&hellip;]<\/p>\n","protected":false},"author":3,"featured_media":0,"parent":0,"menu_order":0,"comment_status":"closed","ping_status":"closed","template":"","meta":{"site-sidebar-layout":"default","site-content-layout":"","ast-site-content-layout":"default","site-content-style":"default","site-sidebar-style":"default","ast-global-header-display":"","ast-banner-title-visibility":"","ast-main-header-display":"","ast-hfb-above-header-display":"","ast-hfb-below-header-display":"","ast-hfb-mobile-header-display":"","site-post-title":"","ast-breadcrumbs-content":"","ast-featured-img":"","footer-sml-layout":"","theme-transparent-header-meta":"default","adv-header-id-meta":"","stick-header-meta":"","header-above-stick-meta":"","header-main-stick-meta":"","header-below-stick-meta":"","astra-migrate-meta-layouts":"set","ast-page-background-enabled":"default","ast-page-background-meta":{"desktop":{"background-color":"var(--ast-global-color-4)","background-image":"","background-repeat":"repeat","background-position":"center center","background-size":"auto","background-attachment":"scroll","background-type":"","background-media":"","overlay-type":"","overlay-color":"","overlay-opacity":"","overlay-gradient":""},"tablet":{"background-color":"","background-image":"","background-repeat":"repeat","background-position":"center center","background-size":"auto","background-attachment":"scroll","background-type":"","background-media":"","overlay-type":"","overlay-color":"","overlay-opacity":"","overlay-gradient":""},"mobile":{"background-color":"","background-image":"","background-repeat":"repeat","background-position":"center center","background-size":"auto","background-attachment":"scroll","background-type":"","background-media":"","overlay-type":"","overlay-color":"","overlay-opacity":"","overlay-gradient":""}},"ast-content-background-meta":{"desktop":{"background-color":"var(--ast-global-color-5)","background-image":"","background-repeat":"repeat","background-position":"center center","background-size":"auto","background-attachment":"scroll","background-type":"","background-media":"","overlay-type":"","overlay-color":"","overlay-opacity":"","overlay-gradient":""},"tablet":{"background-color":"var(--ast-global-color-5)","background-image":"","background-repeat":"repeat","background-position":"center center","background-size":"auto","background-attachment":"scroll","background-type":"","background-media":"","overlay-type":"","overlay-color":"","overlay-opacity":"","overlay-gradient":""},"mobile":{"background-color":"var(--ast-global-color-5)","background-image":"","background-repeat":"repeat","background-position":"center center","background-size":"auto","background-attachment":"scroll","background-type":"","background-media":"","overlay-type":"","overlay-color":"","overlay-opacity":"","overlay-gradient":""}},"footnotes":""},"class_list":["post-886","page","type-page","status-publish","hentry"],"yoast_head":"<!-- This site is optimized with the Yoast SEO plugin v27.5 - https:\/\/yoast.com\/product\/yoast-seo-wordpress\/ -->\n<title>FMcr\u00e9art cr\u00e9ations titane Actualit\u00e9<\/title>\n<meta name=\"description\" content=\"FMcr\u00e9art - cr\u00e9ations titane Actualit\u00e9 : d\u00e9couvrez mes \u0153uvres vibrantes et ma participation au concours du Luxembourg Art Prize.\" \/>\n<meta name=\"robots\" content=\"index, follow, max-snippet:-1, max-image-preview:large, max-video-preview:-1\" \/>\n<link rel=\"canonical\" href=\"https:\/\/fmcreart.fr\/index.php\/fmcreart-creations-titane-actualite\/\" \/>\n<meta property=\"og:locale\" content=\"fr_FR\" \/>\n<meta property=\"og:type\" content=\"article\" \/>\n<meta property=\"og:title\" content=\"FMcr\u00e9art cr\u00e9ations titane Actualit\u00e9\" \/>\n<meta property=\"og:description\" content=\"FMcr\u00e9art - cr\u00e9ations titane Actualit\u00e9 : d\u00e9couvrez mes \u0153uvres vibrantes et ma participation au concours du Luxembourg Art Prize.\" \/>\n<meta property=\"og:url\" content=\"https:\/\/fmcreart.fr\/index.php\/fmcreart-creations-titane-actualite\/\" \/>\n<meta property=\"og:site_name\" content=\"FMcr\u00e9art\" \/>\n<meta property=\"article:modified_time\" content=\"2026-03-13T13:28:38+00:00\" \/>\n<meta name=\"twitter:card\" content=\"summary_large_image\" \/>\n<meta name=\"twitter:label1\" content=\"Dur\u00e9e de lecture estim\u00e9e\" \/>\n\t<meta name=\"twitter:data1\" content=\"3 minutes\" \/>\n<script type=\"application\/ld+json\" class=\"yoast-schema-graph\">{\"@context\":\"https:\\\/\\\/schema.org\",\"@graph\":[{\"@type\":\"WebPage\",\"@id\":\"https:\\\/\\\/fmcreart.fr\\\/index.php\\\/fmcreart-creations-titane-actualite\\\/\",\"url\":\"https:\\\/\\\/fmcreart.fr\\\/index.php\\\/fmcreart-creations-titane-actualite\\\/\",\"name\":\"FMcr\u00e9art cr\u00e9ations titane Actualit\u00e9\",\"isPartOf\":{\"@id\":\"https:\\\/\\\/fmcreart.fr\\\/#website\"},\"datePublished\":\"2024-09-17T09:24:19+00:00\",\"dateModified\":\"2026-03-13T13:28:38+00:00\",\"description\":\"FMcr\u00e9art - cr\u00e9ations titane Actualit\u00e9 : d\u00e9couvrez mes \u0153uvres vibrantes et ma participation au concours du Luxembourg Art Prize.\",\"breadcrumb\":{\"@id\":\"https:\\\/\\\/fmcreart.fr\\\/index.php\\\/fmcreart-creations-titane-actualite\\\/#breadcrumb\"},\"inLanguage\":\"fr-FR\",\"potentialAction\":[{\"@type\":\"ReadAction\",\"target\":[\"https:\\\/\\\/fmcreart.fr\\\/index.php\\\/fmcreart-creations-titane-actualite\\\/\"]}]},{\"@type\":\"BreadcrumbList\",\"@id\":\"https:\\\/\\\/fmcreart.fr\\\/index.php\\\/fmcreart-creations-titane-actualite\\\/#breadcrumb\",\"itemListElement\":[{\"@type\":\"ListItem\",\"position\":1,\"name\":\"Accueil\",\"item\":\"https:\\\/\\\/fmcreart.fr\\\/\"},{\"@type\":\"ListItem\",\"position\":2,\"name\":\"Actualit\u00e9\"}]},{\"@type\":\"WebSite\",\"@id\":\"https:\\\/\\\/fmcreart.fr\\\/#website\",\"url\":\"https:\\\/\\\/fmcreart.fr\\\/\",\"name\":\"FMcr\u00e9art\",\"description\":\"Bienvenu dans mon univers\",\"publisher\":{\"@id\":\"https:\\\/\\\/fmcreart.fr\\\/#\\\/schema\\\/person\\\/fc3b8fadff9336a2e80bee0fb8275e60\"},\"alternateName\":\"FMcr\u00e9art\",\"potentialAction\":[{\"@type\":\"SearchAction\",\"target\":{\"@type\":\"EntryPoint\",\"urlTemplate\":\"https:\\\/\\\/fmcreart.fr\\\/?s={search_term_string}\"},\"query-input\":{\"@type\":\"PropertyValueSpecification\",\"valueRequired\":true,\"valueName\":\"search_term_string\"}}],\"inLanguage\":\"fr-FR\"},{\"@type\":[\"Person\",\"Organization\"],\"@id\":\"https:\\\/\\\/fmcreart.fr\\\/#\\\/schema\\\/person\\\/fc3b8fadff9336a2e80bee0fb8275e60\",\"name\":\"Fabienne Matur\",\"image\":{\"@type\":\"ImageObject\",\"inLanguage\":\"fr-FR\",\"@id\":\"https:\\\/\\\/fmcreart.fr\\\/wp-content\\\/uploads\\\/2024\\\/06\\\/cropped-Logo_Silver_Textured-120-2.png\",\"url\":\"https:\\\/\\\/fmcreart.fr\\\/wp-content\\\/uploads\\\/2024\\\/06\\\/cropped-Logo_Silver_Textured-120-2.png\",\"contentUrl\":\"https:\\\/\\\/fmcreart.fr\\\/wp-content\\\/uploads\\\/2024\\\/06\\\/cropped-Logo_Silver_Textured-120-2.png\",\"width\":120,\"height\":120,\"caption\":\"Fabienne Matur\"},\"logo\":{\"@id\":\"https:\\\/\\\/fmcreart.fr\\\/wp-content\\\/uploads\\\/2024\\\/06\\\/cropped-Logo_Silver_Textured-120-2.png\"},\"sameAs\":[\"https:\\\/\\\/www.fmcreart.fr\"]}]}<\/script>\n<!-- \/ Yoast SEO plugin. -->","yoast_head_json":{"title":"FMcr\u00e9art cr\u00e9ations titane Actualit\u00e9","description":"FMcr\u00e9art - cr\u00e9ations titane Actualit\u00e9 : d\u00e9couvrez mes \u0153uvres vibrantes et ma participation au concours du Luxembourg Art Prize.","robots":{"index":"index","follow":"follow","max-snippet":"max-snippet:-1","max-image-preview":"max-image-preview:large","max-video-preview":"max-video-preview:-1"},"canonical":"https:\/\/fmcreart.fr\/index.php\/fmcreart-creations-titane-actualite\/","og_locale":"fr_FR","og_type":"article","og_title":"FMcr\u00e9art cr\u00e9ations titane Actualit\u00e9","og_description":"FMcr\u00e9art - cr\u00e9ations titane Actualit\u00e9 : d\u00e9couvrez mes \u0153uvres vibrantes et ma participation au concours du Luxembourg Art Prize.","og_url":"https:\/\/fmcreart.fr\/index.php\/fmcreart-creations-titane-actualite\/","og_site_name":"FMcr\u00e9art","article_modified_time":"2026-03-13T13:28:38+00:00","twitter_card":"summary_large_image","twitter_misc":{"Dur\u00e9e de lecture estim\u00e9e":"3 minutes"},"schema":{"@context":"https:\/\/schema.org","@graph":[{"@type":"WebPage","@id":"https:\/\/fmcreart.fr\/index.php\/fmcreart-creations-titane-actualite\/","url":"https:\/\/fmcreart.fr\/index.php\/fmcreart-creations-titane-actualite\/","name":"FMcr\u00e9art cr\u00e9ations titane Actualit\u00e9","isPartOf":{"@id":"https:\/\/fmcreart.fr\/#website"},"datePublished":"2024-09-17T09:24:19+00:00","dateModified":"2026-03-13T13:28:38+00:00","description":"FMcr\u00e9art - cr\u00e9ations titane Actualit\u00e9 : d\u00e9couvrez mes \u0153uvres vibrantes et ma participation au concours du Luxembourg Art Prize.","breadcrumb":{"@id":"https:\/\/fmcreart.fr\/index.php\/fmcreart-creations-titane-actualite\/#breadcrumb"},"inLanguage":"fr-FR","potentialAction":[{"@type":"ReadAction","target":["https:\/\/fmcreart.fr\/index.php\/fmcreart-creations-titane-actualite\/"]}]},{"@type":"BreadcrumbList","@id":"https:\/\/fmcreart.fr\/index.php\/fmcreart-creations-titane-actualite\/#breadcrumb","itemListElement":[{"@type":"ListItem","position":1,"name":"Accueil","item":"https:\/\/fmcreart.fr\/"},{"@type":"ListItem","position":2,"name":"Actualit\u00e9"}]},{"@type":"WebSite","@id":"https:\/\/fmcreart.fr\/#website","url":"https:\/\/fmcreart.fr\/","name":"FMcr\u00e9art","description":"Bienvenu dans mon univers","publisher":{"@id":"https:\/\/fmcreart.fr\/#\/schema\/person\/fc3b8fadff9336a2e80bee0fb8275e60"},"alternateName":"FMcr\u00e9art","potentialAction":[{"@type":"SearchAction","target":{"@type":"EntryPoint","urlTemplate":"https:\/\/fmcreart.fr\/?s={search_term_string}"},"query-input":{"@type":"PropertyValueSpecification","valueRequired":true,"valueName":"search_term_string"}}],"inLanguage":"fr-FR"},{"@type":["Person","Organization"],"@id":"https:\/\/fmcreart.fr\/#\/schema\/person\/fc3b8fadff9336a2e80bee0fb8275e60","name":"Fabienne Matur","image":{"@type":"ImageObject","inLanguage":"fr-FR","@id":"https:\/\/fmcreart.fr\/wp-content\/uploads\/2024\/06\/cropped-Logo_Silver_Textured-120-2.png","url":"https:\/\/fmcreart.fr\/wp-content\/uploads\/2024\/06\/cropped-Logo_Silver_Textured-120-2.png","contentUrl":"https:\/\/fmcreart.fr\/wp-content\/uploads\/2024\/06\/cropped-Logo_Silver_Textured-120-2.png","width":120,"height":120,"caption":"Fabienne Matur"},"logo":{"@id":"https:\/\/fmcreart.fr\/wp-content\/uploads\/2024\/06\/cropped-Logo_Silver_Textured-120-2.png"},"sameAs":["https:\/\/www.fmcreart.fr"]}]}},"_links":{"self":[{"href":"https:\/\/fmcreart.fr\/index.php\/wp-json\/wp\/v2\/pages\/886","targetHints":{"allow":["GET"]}}],"collection":[{"href":"https:\/\/fmcreart.fr\/index.php\/wp-json\/wp\/v2\/pages"}],"about":[{"href":"https:\/\/fmcreart.fr\/index.php\/wp-json\/wp\/v2\/types\/page"}],"author":[{"embeddable":true,"href":"https:\/\/fmcreart.fr\/index.php\/wp-json\/wp\/v2\/users\/3"}],"replies":[{"embeddable":true,"href":"https:\/\/fmcreart.fr\/index.php\/wp-json\/wp\/v2\/comments?post=886"}],"version-history":[{"count":237,"href":"https:\/\/fmcreart.fr\/index.php\/wp-json\/wp\/v2\/pages\/886\/revisions"}],"predecessor-version":[{"id":6292,"href":"https:\/\/fmcreart.fr\/index.php\/wp-json\/wp\/v2\/pages\/886\/revisions\/6292"}],"wp:attachment":[{"href":"https:\/\/fmcreart.fr\/index.php\/wp-json\/wp\/v2\/media?parent=886"}],"curies":[{"name":"wp","href":"https:\/\/api.w.org\/{rel}","templated":true}]}}